{"id":55,"date":"2025-02-11T19:24:05","date_gmt":"2025-02-11T18:24:05","guid":{"rendered":"http:\/\/fldyffu.cluster100.hosting.ovh.net\/?page_id=55"},"modified":"2025-02-19T11:31:08","modified_gmt":"2025-02-19T10:31:08","slug":"pataloco","status":"publish","type":"page","link":"https:\/\/www.triojeanlo.com\/index.php\/pataloco\/","title":{"rendered":"PATALOCO"},"content":{"rendered":"\t\t<div data-elementor-type=\"wp-page\" data-elementor-id=\"55\" class=\"elementor elementor-55\">\n\t\t\t\t<div class=\"elementor-element elementor-element-c9e6668 e-flex e-con-boxed e-con e-parent\" data-id=\"c9e6668\" data-element_type=\"container\">\n\t\t\t\t\t<div class=\"e-con-inner\">\n\t\t\t\t<div class=\"elementor-element elementor-element-1cdf7ce elementor-widget elementor-widget-image\" data-id=\"1cdf7ce\" data-element_type=\"widget\" data-widget_type=\"image.default\">\n\t\t\t\t<div class=\"elementor-widget-container\">\n\t\t\t\t\t\t\t\t\t\t\t\t\t\t\t<img fetchpriority=\"high\" decoding=\"async\" width=\"1004\" height=\"650\" src=\"https:\/\/www.triojeanlo.com\/wp-content\/uploads\/2025\/02\/carte-visite-trio-jeanlo-verso.jpg\" class=\"attachment-large size-large wp-image-397\" alt=\"\" srcset=\"https:\/\/www.triojeanlo.com\/wp-content\/uploads\/2025\/02\/carte-visite-trio-jeanlo-verso.jpg 1004w, https:\/\/www.triojeanlo.com\/wp-content\/uploads\/2025\/02\/carte-visite-trio-jeanlo-verso-300x194.jpg 300w, https:\/\/www.triojeanlo.com\/wp-content\/uploads\/2025\/02\/carte-visite-trio-jeanlo-verso-768x497.jpg 768w, https:\/\/www.triojeanlo.com\/wp-content\/uploads\/2025\/02\/carte-visite-trio-jeanlo-verso-1000x647.jpg 1000w, https:\/\/www.triojeanlo.com\/wp-content\/uploads\/2025\/02\/carte-visite-trio-jeanlo-verso-230x149.jpg 230w, https:\/\/www.triojeanlo.com\/wp-content\/uploads\/2025\/02\/carte-visite-trio-jeanlo-verso-350x227.jpg 350w, https:\/\/www.triojeanlo.com\/wp-content\/uploads\/2025\/02\/carte-visite-trio-jeanlo-verso-480x311.jpg 480w\" sizes=\"(max-width: 1004px) 100vw, 1004px\" \/>\t\t\t\t\t\t\t\t\t\t\t\t\t\t\t<\/div>\n\t\t\t\t<\/div>\n\t\t\t\t\t<\/div>\n\t\t\t\t<\/div>\n\t\t<div class=\"elementor-element elementor-element-d0ebf40 elementor-hidden-tablet elementor-hidden-mobile e-flex e-con-boxed e-con e-parent\" data-id=\"d0ebf40\" data-element_type=\"container\">\n\t\t\t\t\t<div class=\"e-con-inner\">\n\t\t\t\t<div class=\"elementor-element elementor-element-3042939 elementor-widget elementor-widget-spacer\" data-id=\"3042939\" data-element_type=\"widget\" data-widget_type=\"spacer.default\">\n\t\t\t\t<div class=\"elementor-widget-container\">\n\t\t\t\t\t\t\t<div class=\"elementor-spacer\">\n\t\t\t<div class=\"elementor-spacer-inner\"><\/div>\n\t\t<\/div>\n\t\t\t\t\t\t<\/div>\n\t\t\t\t<\/div>\n\t\t\t\t\t<\/div>\n\t\t\t\t<\/div>\n\t\t<div class=\"elementor-element elementor-element-1e68088 e-flex e-con-boxed e-con e-parent\" data-id=\"1e68088\" data-element_type=\"container\">\n\t\t\t\t\t<div class=\"e-con-inner\">\n\t\t<div class=\"elementor-element elementor-element-f327663 e-con-full elementor-hidden-tablet elementor-hidden-mobile e-flex e-con e-child\" data-id=\"f327663\" data-element_type=\"container\">\n\t\t\t\t<div class=\"elementor-element elementor-element-4e03fa0 elementor-widget elementor-widget-image\" data-id=\"4e03fa0\" data-element_type=\"widget\" data-widget_type=\"image.default\">\n\t\t\t\t<div class=\"elementor-widget-container\">\n\t\t\t\t\t\t\t\t\t\t\t\t\t\t\t<img decoding=\"async\" src=\"https:\/\/www.triojeanlo.com\/wp-content\/uploads\/elementor\/thumbs\/cactus-r1nkhm7n43ecyzn5qbefrcxlyhog6l4h408y45z840.png\" title=\"cactus trio folk bal trad\" alt=\"cactus trio folk bal trad\" loading=\"lazy\" \/>\t\t\t\t\t\t\t\t\t\t\t\t\t\t\t<\/div>\n\t\t\t\t<\/div>\n\t\t\t\t<\/div>\n\t\t<div class=\"elementor-element elementor-element-12a3692 e-con-full e-flex e-con e-child\" data-id=\"12a3692\" data-element_type=\"container\">\n\t\t\t\t<div class=\"elementor-element elementor-element-593223c elementor-widget elementor-widget-text-editor\" data-id=\"593223c\" data-element_type=\"widget\" data-widget_type=\"text-editor.default\">\n\t\t\t\t<div class=\"elementor-widget-container\">\n\t\t\t\t\t\t\t\t\t<p><span style=\"font-weight: bold; font-family: var(--e-global-typography-accent-font-family); color: #113e3a;\">PATALOCO &#8211; pour les petites oreilles<br \/><\/span><\/p><p><span class=\"wixui-rich-text__text\">En France et \u00e0 travers le monde, <\/span><span class=\"wixui-rich-text__text\">le Trio JeanLo aime aussi faire voyager les petites oreilles.<\/span><\/p><p><span class=\"wixui-rich-text__text\">Subtile m\u00e9lange de m\u00e9lodies entra\u00eenantes, sauce \u00e9pic\u00e9e, <\/span><span class=\"wixui-rich-text__text\">le concert Pataloco prend forme \u00e0 l&rsquo;occasion de deux tourn\u00e9es au B\u00e9nin (en 2015 et 2018).<\/span><\/p><p><span class=\"wixui-rich-text__text\">A travers un r\u00e9pertoire malicieux, emprunt de po\u00e9sie <\/span><span class=\"wixui-rich-text__text\">et de sourires, les trois musiciens emm\u00e8nent les petits spectateurs dans un univers des plus cocasses.<\/span><\/p><p><span class=\"wixui-rich-text__text\">Potion magique, \u00e9pines de cactus, hippopotame amoureux, <\/span><span class=\"wixui-rich-text__text\">patate intr\u00e9pide et incorrigibles poissons <\/span><span class=\"wixui-rich-text__text\">sont de la partie !<\/span><\/p>\t\t\t\t\t\t\t\t<\/div>\n\t\t\t\t<\/div>\n\t\t\t\t<div class=\"elementor-element elementor-element-4f366fd elementor-hidden-tablet elementor-hidden-mobile elementor-hidden-desktop elementor-widget elementor-widget-image\" data-id=\"4f366fd\" data-element_type=\"widget\" data-widget_type=\"image.default\">\n\t\t\t\t<div class=\"elementor-widget-container\">\n\t\t\t\t\t\t\t\t\t\t\t\t\t\t\t<img decoding=\"async\" src=\"https:\/\/www.triojeanlo.com\/wp-content\/uploads\/elementor\/thumbs\/Etoile-Jaune-r1m2fpprvkfpb14f0djeejev37dxw0sqixvonfbq98.png\" title=\"Trio jeanlo Soleil Chapelloise\" alt=\"Trio jeanlo Soleil Chapelloise\" loading=\"lazy\" \/>\t\t\t\t\t\t\t\t\t\t\t\t\t\t\t<\/div>\n\t\t\t\t<\/div>\n\t\t\t\t<\/div>\n\t\t<div class=\"elementor-element elementor-element-58eca68 e-con-full e-flex e-con e-child\" data-id=\"58eca68\" data-element_type=\"container\">\n\t\t\t\t<div class=\"elementor-element elementor-element-03df572 elementor-widget elementor-widget-image\" data-id=\"03df572\" data-element_type=\"widget\" data-widget_type=\"image.default\">\n\t\t\t\t<div class=\"elementor-widget-container\">\n\t\t\t\t\t\t\t\t\t\t\t\t\t\t\t<img decoding=\"async\" width=\"760\" height=\"907\" src=\"https:\/\/www.triojeanlo.com\/wp-content\/uploads\/2025\/02\/poisson.png\" class=\"attachment-large size-large wp-image-629\" alt=\"\" srcset=\"https:\/\/www.triojeanlo.com\/wp-content\/uploads\/2025\/02\/poisson.png 760w, https:\/\/www.triojeanlo.com\/wp-content\/uploads\/2025\/02\/poisson-251x300.png 251w, https:\/\/www.triojeanlo.com\/wp-content\/uploads\/2025\/02\/poisson-230x274.png 230w, https:\/\/www.triojeanlo.com\/wp-content\/uploads\/2025\/02\/poisson-350x418.png 350w, https:\/\/www.triojeanlo.com\/wp-content\/uploads\/2025\/02\/poisson-480x573.png 480w\" sizes=\"(max-width: 760px) 100vw, 760px\" \/>\t\t\t\t\t\t\t\t\t\t\t\t\t\t\t<\/div>\n\t\t\t\t<\/div>\n\t\t\t\t<\/div>\n\t\t\t\t\t<\/div>\n\t\t\t\t<\/div>\n\t\t<div class=\"elementor-element elementor-element-45e3e9e elementor-hidden-tablet elementor-hidden-mobile e-flex e-con-boxed e-con e-parent\" data-id=\"45e3e9e\" data-element_type=\"container\">\n\t\t\t\t\t<div class=\"e-con-inner\">\n\t\t\t\t<div class=\"elementor-element elementor-element-70ff656 elementor-widget elementor-widget-spacer\" data-id=\"70ff656\" data-element_type=\"widget\" data-widget_type=\"spacer.default\">\n\t\t\t\t<div class=\"elementor-widget-container\">\n\t\t\t\t\t\t\t<div class=\"elementor-spacer\">\n\t\t\t<div class=\"elementor-spacer-inner\"><\/div>\n\t\t<\/div>\n\t\t\t\t\t\t<\/div>\n\t\t\t\t<\/div>\n\t\t\t\t\t<\/div>\n\t\t\t\t<\/div>\n\t\t<div class=\"elementor-element elementor-element-9151a1d e-flex e-con-boxed e-con e-parent\" data-id=\"9151a1d\" data-element_type=\"container\">\n\t\t\t\t\t<div class=\"e-con-inner\">\n\t\t<div class=\"elementor-element elementor-element-a0710ed e-con-full e-flex e-con e-child\" data-id=\"a0710ed\" data-element_type=\"container\">\n\t\t\t\t<div class=\"elementor-element elementor-element-2a04fb3 elementor-widget elementor-widget-video\" data-id=\"2a04fb3\" data-element_type=\"widget\" data-settings=\"{&quot;youtube_url&quot;:&quot;https:\\\/\\\/youtu.be\\\/DR2SOQaaRNk?si=2daSer84Kc4MWkEU&quot;,&quot;video_type&quot;:&quot;youtube&quot;,&quot;controls&quot;:&quot;yes&quot;}\" data-widget_type=\"video.default\">\n\t\t\t\t<div class=\"elementor-widget-container\">\n\t\t\t\t\t\t\t<div class=\"elementor-wrapper elementor-open-inline\">\n\t\t\t<div class=\"elementor-video\"><\/div>\t\t<\/div>\n\t\t\t\t\t\t<\/div>\n\t\t\t\t<\/div>\n\t\t\t\t<\/div>\n\t\t<div class=\"elementor-element elementor-element-5f6c0d5 e-con-full e-flex e-con e-child\" data-id=\"5f6c0d5\" data-element_type=\"container\">\n\t\t\t\t<div class=\"elementor-element elementor-element-dd459a4 elementor-widget elementor-widget-video\" data-id=\"dd459a4\" data-element_type=\"widget\" data-settings=\"{&quot;youtube_url&quot;:&quot;https:\\\/\\\/youtu.be\\\/K_hYOpTc3vE?si=xpQWl5pRlxQn5LPl&quot;,&quot;video_type&quot;:&quot;youtube&quot;,&quot;controls&quot;:&quot;yes&quot;}\" data-widget_type=\"video.default\">\n\t\t\t\t<div class=\"elementor-widget-container\">\n\t\t\t\t\t\t\t<div class=\"elementor-wrapper elementor-open-inline\">\n\t\t\t<div class=\"elementor-video\"><\/div>\t\t<\/div>\n\t\t\t\t\t\t<\/div>\n\t\t\t\t<\/div>\n\t\t\t\t<\/div>\n\t\t\t\t\t<\/div>\n\t\t\t\t<\/div>\n\t\t<div class=\"elementor-element elementor-element-8945a8c e-flex e-con-boxed e-con e-parent\" data-id=\"8945a8c\" data-element_type=\"container\">\n\t\t\t\t\t<div class=\"e-con-inner\">\n\t\t\t\t<div class=\"elementor-element elementor-element-3e281e2 elementor-widget elementor-widget-spacer\" data-id=\"3e281e2\" data-element_type=\"widget\" data-widget_type=\"spacer.default\">\n\t\t\t\t<div class=\"elementor-widget-container\">\n\t\t\t\t\t\t\t<div class=\"elementor-spacer\">\n\t\t\t<div class=\"elementor-spacer-inner\"><\/div>\n\t\t<\/div>\n\t\t\t\t\t\t<\/div>\n\t\t\t\t<\/div>\n\t\t\t\t\t<\/div>\n\t\t\t\t<\/div>\n\t\t<div class=\"elementor-element elementor-element-d11e2a6 e-flex e-con-boxed e-con e-parent\" data-id=\"d11e2a6\" data-element_type=\"container\">\n\t\t\t\t\t<div class=\"e-con-inner\">\n\t\t\t\t<div class=\"elementor-element elementor-element-095dcf7 elementor-widget elementor-widget-image\" data-id=\"095dcf7\" data-element_type=\"widget\" data-widget_type=\"image.default\">\n\t\t\t\t<div class=\"elementor-widget-container\">\n\t\t\t\t\t\t\t\t\t\t\t\t\t\t\t<img decoding=\"async\" width=\"230\" height=\"162\" src=\"https:\/\/www.triojeanlo.com\/wp-content\/uploads\/2025\/02\/TrioJeanLo-230x162.png\" class=\"attachment-sydney-small-thumb size-sydney-small-thumb wp-image-630\" alt=\"\" srcset=\"https:\/\/www.triojeanlo.com\/wp-content\/uploads\/2025\/02\/TrioJeanLo-230x162.png 230w, https:\/\/www.triojeanlo.com\/wp-content\/uploads\/2025\/02\/TrioJeanLo-300x211.png 300w, https:\/\/www.triojeanlo.com\/wp-content\/uploads\/2025\/02\/TrioJeanLo-1024x722.png 1024w, https:\/\/www.triojeanlo.com\/wp-content\/uploads\/2025\/02\/TrioJeanLo-768x541.png 768w, https:\/\/www.triojeanlo.com\/wp-content\/uploads\/2025\/02\/TrioJeanLo-1536x1083.png 1536w, https:\/\/www.triojeanlo.com\/wp-content\/uploads\/2025\/02\/TrioJeanLo-2048x1444.png 2048w, https:\/\/www.triojeanlo.com\/wp-content\/uploads\/2025\/02\/TrioJeanLo-1000x705.png 1000w, https:\/\/www.triojeanlo.com\/wp-content\/uploads\/2025\/02\/TrioJeanLo-350x247.png 350w, https:\/\/www.triojeanlo.com\/wp-content\/uploads\/2025\/02\/TrioJeanLo-480x338.png 480w\" sizes=\"(max-width: 230px) 100vw, 230px\" \/>\t\t\t\t\t\t\t\t\t\t\t\t\t\t\t<\/div>\n\t\t\t\t<\/div>\n\t\t\t\t\t<\/div>\n\t\t\t\t<\/div>\n\t\t<div class=\"elementor-element elementor-element-909440e e-flex e-con-boxed e-con e-parent\" data-id=\"909440e\" data-element_type=\"container\">\n\t\t\t\t\t<div class=\"e-con-inner\">\n\t\t\t\t<div class=\"elementor-element elementor-element-26014de elementor-widget-divider--view-line elementor-widget elementor-widget-divider\" data-id=\"26014de\" data-element_type=\"widget\" data-widget_type=\"divider.default\">\n\t\t\t\t<div class=\"elementor-widget-container\">\n\t\t\t\t\t\t\t<div class=\"elementor-divider\">\n\t\t\t<span class=\"elementor-divider-separator\">\n\t\t\t\t\t\t<\/span>\n\t\t<\/div>\n\t\t\t\t\t\t<\/div>\n\t\t\t\t<\/div>\n\t\t\t\t\t<\/div>\n\t\t\t\t<\/div>\n\t\t<div class=\"elementor-element elementor-element-212732f elementor-hidden-mobile e-flex e-con-boxed e-con e-parent\" data-id=\"212732f\" data-element_type=\"container\">\n\t\t\t\t\t<div class=\"e-con-inner\">\n\t\t\t\t<div class=\"elementor-element elementor-element-0da25bd elementor-widget elementor-widget-text-editor\" data-id=\"0da25bd\" data-element_type=\"widget\" data-widget_type=\"text-editor.default\">\n\t\t\t\t<div class=\"elementor-widget-container\">\n\t\t\t\t\t\t\t\t\t<p>Email : <a href=\"mailto:triojeanlo@gmail.com\">triojeanlo@gmail.com<\/a> \/ (+33) <span class=\"wixui-rich-text__text\"><span class=\"color_36 wixui-rich-text__text\">6 73 94 34 21<\/span><\/span> \/ (+33) 6 12 65 56 30<\/p>\t\t\t\t\t\t\t\t<\/div>\n\t\t\t\t<\/div>\n\t\t\t\t\t<\/div>\n\t\t\t\t<\/div>\n\t\t<div class=\"elementor-element elementor-element-43a0015 e-flex e-con-boxed e-con e-parent\" data-id=\"43a0015\" data-element_type=\"container\">\n\t\t\t\t\t<div class=\"e-con-inner\">\n\t\t<div class=\"elementor-element elementor-element-946058c e-con-full e-flex e-con e-child\" data-id=\"946058c\" data-element_type=\"container\">\n\t\t\t\t<\/div>\n\t\t<div class=\"elementor-element elementor-element-0b6b884 e-con-full e-flex e-con e-child\" data-id=\"0b6b884\" data-element_type=\"container\">\n\t\t\t\t<\/div>\n\t\t\t\t<div class=\"elementor-element elementor-element-1c3c8f0 elementor-hidden-tablet elementor-hidden-mobile elementor-widget elementor-widget-image\" data-id=\"1c3c8f0\" data-element_type=\"widget\" data-widget_type=\"image.default\">\n\t\t\t\t<div class=\"elementor-widget-container\">\n\t\t\t\t\t\t\t\t\t\t\t\t\t\t\t\t<a href=\"https:\/\/www.facebook.com\/duojeanlo\/\">\n\t\t\t\t\t\t\t<img loading=\"lazy\" decoding=\"async\" width=\"230\" height=\"222\" src=\"https:\/\/www.triojeanlo.com\/wp-content\/uploads\/2025\/02\/facebook-icone-1-230x222.png\" class=\"attachment-sydney-small-thumb size-sydney-small-thumb wp-image-348\" alt=\"\" srcset=\"https:\/\/www.triojeanlo.com\/wp-content\/uploads\/2025\/02\/facebook-icone-1-230x222.png 230w, https:\/\/www.triojeanlo.com\/wp-content\/uploads\/2025\/02\/facebook-icone-1-300x290.png 300w, https:\/\/www.triojeanlo.com\/wp-content\/uploads\/2025\/02\/facebook-icone-1-350x338.png 350w, https:\/\/www.triojeanlo.com\/wp-content\/uploads\/2025\/02\/facebook-icone-1-480x464.png 480w, https:\/\/www.triojeanlo.com\/wp-content\/uploads\/2025\/02\/facebook-icone-1.png 575w\" sizes=\"(max-width: 230px) 100vw, 230px\" \/>\t\t\t\t\t\t\t\t<\/a>\n\t\t\t\t\t\t\t\t\t\t\t\t\t\t\t<\/div>\n\t\t\t\t<\/div>\n\t\t\t\t<div class=\"elementor-element elementor-element-eed4cad elementor-hidden-tablet elementor-hidden-mobile elementor-widget elementor-widget-image\" data-id=\"eed4cad\" data-element_type=\"widget\" data-widget_type=\"image.default\">\n\t\t\t\t<div class=\"elementor-widget-container\">\n\t\t\t\t\t\t\t\t\t\t\t\t\t\t\t\t<a href=\"https:\/\/youtu.be\/VciFsLfT69g?si=uozF1vw5Q3oV_3AI\">\n\t\t\t\t\t\t\t<img loading=\"lazy\" decoding=\"async\" width=\"230\" height=\"157\" src=\"https:\/\/www.triojeanlo.com\/wp-content\/uploads\/2025\/02\/youtube-icone-230x157.png\" class=\"attachment-sydney-small-thumb size-sydney-small-thumb wp-image-347\" alt=\"\" srcset=\"https:\/\/www.triojeanlo.com\/wp-content\/uploads\/2025\/02\/youtube-icone-230x157.png 230w, https:\/\/www.triojeanlo.com\/wp-content\/uploads\/2025\/02\/youtube-icone-300x205.png 300w, https:\/\/www.triojeanlo.com\/wp-content\/uploads\/2025\/02\/youtube-icone-1024x698.png 1024w, https:\/\/www.triojeanlo.com\/wp-content\/uploads\/2025\/02\/youtube-icone-768x524.png 768w, https:\/\/www.triojeanlo.com\/wp-content\/uploads\/2025\/02\/youtube-icone-1000x682.png 1000w, https:\/\/www.triojeanlo.com\/wp-content\/uploads\/2025\/02\/youtube-icone-350x239.png 350w, https:\/\/www.triojeanlo.com\/wp-content\/uploads\/2025\/02\/youtube-icone-480x327.png 480w, https:\/\/www.triojeanlo.com\/wp-content\/uploads\/2025\/02\/youtube-icone.png 1480w\" sizes=\"(max-width: 230px) 100vw, 230px\" \/>\t\t\t\t\t\t\t\t<\/a>\n\t\t\t\t\t\t\t\t\t\t\t\t\t\t\t<\/div>\n\t\t\t\t<\/div>\n\t\t<div class=\"elementor-element elementor-element-6c48174 e-con-full e-flex e-con e-child\" data-id=\"6c48174\" data-element_type=\"container\">\n\t\t\t\t<\/div>\n\t\t<div class=\"elementor-element elementor-element-f1e08b5 e-con-full e-flex e-con e-child\" data-id=\"f1e08b5\" data-element_type=\"container\">\n\t\t\t\t<\/div>\n\t\t\t\t\t<\/div>\n\t\t\t\t<\/div>\n\t\t\t\t<\/div>\n\t\t","protected":false},"excerpt":{"rendered":"<p>PATALOCO &#8211; pour les petites oreilles En France et \u00e0 travers le monde, le Trio JeanLo aime aussi faire voyager les petites [&hellip;]<\/p>\n","protected":false},"author":1,"featured_media":0,"parent":0,"menu_order":0,"comment_status":"closed","ping_status":"closed","template":"elementor_header_footer","meta":{"footnotes":""},"class_list":["post-55","page","type-page","status-publish","hentry"],"yoast_head":"<!-- This site is optimized with the Yoast SEO plugin v24.5 - https:\/\/yoast.com\/wordpress\/plugins\/seo\/ -->\n<title>PATALOCO -<\/title>\n<meta name=\"robots\" content=\"index, follow, max-snippet:-1, max-image-preview:large, max-video-preview:-1\" \/>\n<link rel=\"canonical\" href=\"https:\/\/www.triojeanlo.com\/index.php\/pataloco\/\" \/>\n<meta property=\"og:locale\" content=\"fr_FR\" \/>\n<meta property=\"og:type\" content=\"article\" \/>\n<meta property=\"og:title\" content=\"PATALOCO -\" \/>\n<meta property=\"og:description\" content=\"PATALOCO &#8211; pour les petites oreilles En France et \u00e0 travers le monde, le Trio JeanLo aime aussi faire voyager les petites [&hellip;]\" \/>\n<meta property=\"og:url\" content=\"https:\/\/www.triojeanlo.com\/index.php\/pataloco\/\" \/>\n<meta property=\"article:publisher\" content=\"https:\/\/www.facebook.com\/duojeanlo\/\" \/>\n<meta property=\"article:modified_time\" content=\"2025-02-19T10:31:08+00:00\" \/>\n<meta property=\"og:image\" content=\"http:\/\/fldyffu.cluster100.hosting.ovh.net\/wp-content\/uploads\/2025\/02\/carte-visite-trio-jeanlo-verso.jpg\" \/>\n<meta name=\"twitter:card\" content=\"summary_large_image\" \/>\n<meta name=\"twitter:label1\" content=\"Dur\u00e9e de lecture estim\u00e9e\" \/>\n\t<meta name=\"twitter:data1\" content=\"1 minute\" \/>\n<script type=\"application\/ld+json\" class=\"yoast-schema-graph\">{\"@context\":\"https:\/\/schema.org\",\"@graph\":[{\"@type\":\"WebPage\",\"@id\":\"https:\/\/www.triojeanlo.com\/index.php\/pataloco\/\",\"url\":\"https:\/\/www.triojeanlo.com\/index.php\/pataloco\/\",\"name\":\"PATALOCO -\",\"isPartOf\":{\"@id\":\"https:\/\/www.triojeanlo.com\/#website\"},\"primaryImageOfPage\":{\"@id\":\"https:\/\/www.triojeanlo.com\/index.php\/pataloco\/#primaryimage\"},\"image\":{\"@id\":\"https:\/\/www.triojeanlo.com\/index.php\/pataloco\/#primaryimage\"},\"thumbnailUrl\":\"http:\/\/fldyffu.cluster100.hosting.ovh.net\/wp-content\/uploads\/2025\/02\/carte-visite-trio-jeanlo-verso.jpg\",\"datePublished\":\"2025-02-11T18:24:05+00:00\",\"dateModified\":\"2025-02-19T10:31:08+00:00\",\"breadcrumb\":{\"@id\":\"https:\/\/www.triojeanlo.com\/index.php\/pataloco\/#breadcrumb\"},\"inLanguage\":\"fr-FR\",\"potentialAction\":[{\"@type\":\"ReadAction\",\"target\":[\"https:\/\/www.triojeanlo.com\/index.php\/pataloco\/\"]}]},{\"@type\":\"ImageObject\",\"inLanguage\":\"fr-FR\",\"@id\":\"https:\/\/www.triojeanlo.com\/index.php\/pataloco\/#primaryimage\",\"url\":\"http:\/\/fldyffu.cluster100.hosting.ovh.net\/wp-content\/uploads\/2025\/02\/carte-visite-trio-jeanlo-verso.jpg\",\"contentUrl\":\"http:\/\/fldyffu.cluster100.hosting.ovh.net\/wp-content\/uploads\/2025\/02\/carte-visite-trio-jeanlo-verso.jpg\"},{\"@type\":\"BreadcrumbList\",\"@id\":\"https:\/\/www.triojeanlo.com\/index.php\/pataloco\/#breadcrumb\",\"itemListElement\":[{\"@type\":\"ListItem\",\"position\":1,\"name\":\"Accueil\",\"item\":\"https:\/\/www.triojeanlo.com\/\"},{\"@type\":\"ListItem\",\"position\":2,\"name\":\"PATALOCO\"}]},{\"@type\":\"WebSite\",\"@id\":\"https:\/\/www.triojeanlo.com\/#website\",\"url\":\"https:\/\/www.triojeanlo.com\/\",\"name\":\"Trio Jeanlo\",\"description\":\"\",\"publisher\":{\"@id\":\"https:\/\/www.triojeanlo.com\/#organization\"},\"potentialAction\":[{\"@type\":\"SearchAction\",\"target\":{\"@type\":\"EntryPoint\",\"urlTemplate\":\"https:\/\/www.triojeanlo.com\/?s={search_term_string}\"},\"query-input\":{\"@type\":\"PropertyValueSpecification\",\"valueRequired\":true,\"valueName\":\"search_term_string\"}}],\"inLanguage\":\"fr-FR\"},{\"@type\":\"Organization\",\"@id\":\"https:\/\/www.triojeanlo.com\/#organization\",\"name\":\"Trio Jeanlo\",\"url\":\"https:\/\/www.triojeanlo.com\/\",\"logo\":{\"@type\":\"ImageObject\",\"inLanguage\":\"fr-FR\",\"@id\":\"https:\/\/www.triojeanlo.com\/#\/schema\/logo\/image\/\",\"url\":\"https:\/\/www.triojeanlo.com\/wp-content\/uploads\/2025\/02\/photo-accueil-JLO-1.png\",\"contentUrl\":\"https:\/\/www.triojeanlo.com\/wp-content\/uploads\/2025\/02\/photo-accueil-JLO-1.png\",\"width\":981,\"height\":686,\"caption\":\"Trio Jeanlo\"},\"image\":{\"@id\":\"https:\/\/www.triojeanlo.com\/#\/schema\/logo\/image\/\"},\"sameAs\":[\"https:\/\/www.facebook.com\/duojeanlo\/\"]}]}<\/script>\n<!-- \/ Yoast SEO plugin. -->","yoast_head_json":{"title":"PATALOCO -","robots":{"index":"index","follow":"follow","max-snippet":"max-snippet:-1","max-image-preview":"max-image-preview:large","max-video-preview":"max-video-preview:-1"},"canonical":"https:\/\/www.triojeanlo.com\/index.php\/pataloco\/","og_locale":"fr_FR","og_type":"article","og_title":"PATALOCO -","og_description":"PATALOCO &#8211; pour les petites oreilles En France et \u00e0 travers le monde, le Trio JeanLo aime aussi faire voyager les petites [&hellip;]","og_url":"https:\/\/www.triojeanlo.com\/index.php\/pataloco\/","article_publisher":"https:\/\/www.facebook.com\/duojeanlo\/","article_modified_time":"2025-02-19T10:31:08+00:00","og_image":[{"url":"http:\/\/fldyffu.cluster100.hosting.ovh.net\/wp-content\/uploads\/2025\/02\/carte-visite-trio-jeanlo-verso.jpg","type":"","width":"","height":""}],"twitter_card":"summary_large_image","twitter_misc":{"Dur\u00e9e de lecture estim\u00e9e":"1 minute"},"schema":{"@context":"https:\/\/schema.org","@graph":[{"@type":"WebPage","@id":"https:\/\/www.triojeanlo.com\/index.php\/pataloco\/","url":"https:\/\/www.triojeanlo.com\/index.php\/pataloco\/","name":"PATALOCO -","isPartOf":{"@id":"https:\/\/www.triojeanlo.com\/#website"},"primaryImageOfPage":{"@id":"https:\/\/www.triojeanlo.com\/index.php\/pataloco\/#primaryimage"},"image":{"@id":"https:\/\/www.triojeanlo.com\/index.php\/pataloco\/#primaryimage"},"thumbnailUrl":"http:\/\/fldyffu.cluster100.hosting.ovh.net\/wp-content\/uploads\/2025\/02\/carte-visite-trio-jeanlo-verso.jpg","datePublished":"2025-02-11T18:24:05+00:00","dateModified":"2025-02-19T10:31:08+00:00","breadcrumb":{"@id":"https:\/\/www.triojeanlo.com\/index.php\/pataloco\/#breadcrumb"},"inLanguage":"fr-FR","potentialAction":[{"@type":"ReadAction","target":["https:\/\/www.triojeanlo.com\/index.php\/pataloco\/"]}]},{"@type":"ImageObject","inLanguage":"fr-FR","@id":"https:\/\/www.triojeanlo.com\/index.php\/pataloco\/#primaryimage","url":"http:\/\/fldyffu.cluster100.hosting.ovh.net\/wp-content\/uploads\/2025\/02\/carte-visite-trio-jeanlo-verso.jpg","contentUrl":"http:\/\/fldyffu.cluster100.hosting.ovh.net\/wp-content\/uploads\/2025\/02\/carte-visite-trio-jeanlo-verso.jpg"},{"@type":"BreadcrumbList","@id":"https:\/\/www.triojeanlo.com\/index.php\/pataloco\/#breadcrumb","itemListElement":[{"@type":"ListItem","position":1,"name":"Accueil","item":"https:\/\/www.triojeanlo.com\/"},{"@type":"ListItem","position":2,"name":"PATALOCO"}]},{"@type":"WebSite","@id":"https:\/\/www.triojeanlo.com\/#website","url":"https:\/\/www.triojeanlo.com\/","name":"Trio Jeanlo","description":"","publisher":{"@id":"https:\/\/www.triojeanlo.com\/#organization"},"potentialAction":[{"@type":"SearchAction","target":{"@type":"EntryPoint","urlTemplate":"https:\/\/www.triojeanlo.com\/?s={search_term_string}"},"query-input":{"@type":"PropertyValueSpecification","valueRequired":true,"valueName":"search_term_string"}}],"inLanguage":"fr-FR"},{"@type":"Organization","@id":"https:\/\/www.triojeanlo.com\/#organization","name":"Trio Jeanlo","url":"https:\/\/www.triojeanlo.com\/","logo":{"@type":"ImageObject","inLanguage":"fr-FR","@id":"https:\/\/www.triojeanlo.com\/#\/schema\/logo\/image\/","url":"https:\/\/www.triojeanlo.com\/wp-content\/uploads\/2025\/02\/photo-accueil-JLO-1.png","contentUrl":"https:\/\/www.triojeanlo.com\/wp-content\/uploads\/2025\/02\/photo-accueil-JLO-1.png","width":981,"height":686,"caption":"Trio Jeanlo"},"image":{"@id":"https:\/\/www.triojeanlo.com\/#\/schema\/logo\/image\/"},"sameAs":["https:\/\/www.facebook.com\/duojeanlo\/"]}]}},"_links":{"self":[{"href":"https:\/\/www.triojeanlo.com\/index.php\/wp-json\/wp\/v2\/pages\/55","targetHints":{"allow":["GET"]}}],"collection":[{"href":"https:\/\/www.triojeanlo.com\/index.php\/wp-json\/wp\/v2\/pages"}],"about":[{"href":"https:\/\/www.triojeanlo.com\/index.php\/wp-json\/wp\/v2\/types\/page"}],"author":[{"embeddable":true,"href":"https:\/\/www.triojeanlo.com\/index.php\/wp-json\/wp\/v2\/users\/1"}],"replies":[{"embeddable":true,"href":"https:\/\/www.triojeanlo.com\/index.php\/wp-json\/wp\/v2\/comments?post=55"}],"version-history":[{"count":61,"href":"https:\/\/www.triojeanlo.com\/index.php\/wp-json\/wp\/v2\/pages\/55\/revisions"}],"predecessor-version":[{"id":794,"href":"https:\/\/www.triojeanlo.com\/index.php\/wp-json\/wp\/v2\/pages\/55\/revisions\/794"}],"wp:attachment":[{"href":"https:\/\/www.triojeanlo.com\/index.php\/wp-json\/wp\/v2\/media?parent=55"}],"curies":[{"name":"wp","href":"https:\/\/api.w.org\/{rel}","templated":true}]}}